{"id":189,"date":"2023-04-04T15:52:53","date_gmt":"2023-04-04T13:52:53","guid":{"rendered":"https:\/\/neores.se\/?page_id=189"},"modified":"2026-01-05T21:40:01","modified_gmt":"2026-01-05T20:40:01","slug":"news","status":"publish","type":"page","link":"https:\/\/neores.se\/?page_id=189","title":{"rendered":"News"},"content":{"rendered":"<ul ><li >Dec 2023, The fourth dissertation from the research group was defended 8th&nbsp;December by Sonja Baldursdottir at Karolinska Institutet, Stockholm.<\/li><li >Sept 2023, The research group has submitted an abstract on FUIRST a feasibility trial of uninterrupted CPAP support directly from birth to <\/li><li >The research group participated at the Pediatric Academic Societies (PAS) meeting in Washington, USA April 27 to May 1,&nbsp;<\/li><li >Febr 14 2023, &nbsp;<\/li><li >Article in Dagens Medicin Nov 6 2019, \u201cSm\u00e5 n\u00e4sor \u00e4r fokus f\u00f6r \u00e5rets Athenapristagare\u201d, in Swedish&nbsp;<\/li><li >Youtube video, Medtech4Health innovation Award 2019,&nbsp;<\/li><li >May 27 2019, \u201dJ\u00e4mtl\u00e4ndsk uppfinning nominerad till prestigefyllt pris\u201d, in Swedish&nbsp;<\/li><li >For more information about the latest scientific publications see&nbsp;<\/li><\/ul><div data-label=\"Content\" data-id=\"content-image-right-4\" data-category=\"content\" class=\"content-right-image-section content-image-right-4\" id=\"content-5\"  style=\"background-color: rgb(255, 255, 255); background-image: none;\" data-ovid=\"ovid-content-5-535\"> <div class=\"gridContainer\" > <div class=\"content-right-image-gridcol\" > <div class=\"content-right-image-textcol dynamic-color\" data-type=\"column\" > <h2 class=\"\" >Berger et al Dynamics analysis of neonatal neopuff and inspire rPAP<\/h2> <p class=\"large_text\" >\u2022 Inspire rPAP showed 6.3\u202f% pressure fluctuation vs. 46.1\u202f% for Neopuff.<br >\n\u2022 Device geometry drives pressure stability differences.<br >\n\u2022 Inspire rPAP\u2019s design lowers imposed work of breathing in neonates.<br >\n\u2022 Neopuff\u2019s T-piece caused vortices during exhalation.<br >\n\u2022 CFD modeling proved effective for optimizing neonatal CPAP performance.<\/p> <a class=\"button color1\" href=\"https:\/\/www.sciencedirect.com\/science\/article\/pii\/S1569904825001417\/#fig0035\"  target=\"_self\" data-icon=\"\"> Berger et al in RESPNB 2026 <\/a> <\/div> <div class=\"content-right-image-imgcol\" data-type=\"column\" > <img decoding=\"async\" src=\"https:\/\/neores.se\/wp-content\/uploads\/2026\/01\/1-s2.0-S1569904825001417-gr7_lrg.jpg\" class=\"\"  alt=\"\"> <\/div> <\/div> <\/div> <\/div><div  data-label=\"Content\" data-id=\"content-image-right-3\" data-category=\"content\" class=\"content-right-image-section content-image-right-3\" id=\"content-3\" style=\"background-color: rgb(255, 255, 255); background-image: none;\" data-ovid=\"ovid-content-3-489\"> <div  class=\"gridContainer\"> <div  class=\"content-right-image-gridcol\"> <div  class=\"content-right-image-textcol dynamic-color\" data-type=\"column\"> <p  class=\"\">September 2024<\/p><h2  class=\"\">What CPAP to use in the delivery room?<\/h2> <p  class=\"large_text\"> This Bench comparison from Sydney is a standard comparison between Neopuff T-piece resuscitator (TPR) and rPAP. What is new is the &nbsp;use of &nbsp;the Neonatal Active Lung Model (NALM). This one has compliance and this means that the lung model will lose TV when exposed to a high resistance system such as TPR.<\/p> <a  class=\"button color1\" href=\"https:\/\/bmjpaedsopen.bmj.com\/content\/8\/1\/e002948\" target=\"_blank\" data-icon=\"\" rel=\"noopener\"> Article in BMJ Journals <\/a> <\/div> <div  class=\"content-right-image-imgcol\" data-type=\"column\"> <img  decoding=\"async\" src=\"https:\/\/neores.se\/wp-content\/uploads\/2024\/11\/What_CPAP_to_use_in_the_delivery_room__Bench_comparison_of_two_methods_to_provide_continuous_positive_airways_pressure_in_neonates___BMJ_Paediatrics_Open.png\" class=\"\" alt=\"\"> <\/div> <\/div> <\/div> <\/div><div  data-label=\"Content\" data-id=\"content-image-right-2\" data-category=\"content\" class=\"content-right-image-section content-image-right-2\" id=\"content-1\" style=\"background-color: rgb(246, 246, 246); background-image: none;\" data-ovid=\"ovid-content-1-492\"> <div  class=\"gridContainer\"> <div  class=\"content-right-image-gridcol\"> <div  class=\"content-right-image-textcol dynamic-color\" data-type=\"column\"> <p  class=\"\">August 2024<\/p><h2  class=\"\">Effect of interface dead space on the time taken to achieve changes in set FiO2<\/h2> <p  class=\"large_text\"> The article show the importance of dead space and time needed when adjusting O2. Prongs have lower dead space and are quicker. The rPAP is the only resuscitation system with prongs but the effect is not really related to rPAP performance. <\/p> <a  class=\"button color1\" href=\"https:\/\/fn.bmj.com\/content\/early\/2024\/09\/06\/archdischild-2024-327236.long\" target=\"_blank\" data-icon=\"\" rel=\"noopener\"> Article in BMJ Journals <\/a> <\/div> <div  class=\"content-right-image-imgcol\" data-type=\"column\"> <img  decoding=\"async\" src=\"https:\/\/neores.se\/wp-content\/uploads\/2024\/11\/bmj-1.png\" class=\"\" alt=\"\"> <\/div> <\/div> <\/div> <\/div><div  data-label=\"Content\" data-id=\"content-image-right\" data-category=\"content\" class=\"content-right-image-section content-image-right\" id=\"content-4\" style=\"background-color: rgb(255, 255, 255); background-image: none;\" data-ovid=\"ovid-content-4-1537\"> <div  class=\"gridContainer\"> <div  class=\"content-right-image-gridcol\"> <div  class=\"content-right-image-textcol dynamic-color\" data-type=\"column\"> <p  class=\"\">Disertations 2023 and 2024<\/p><h2  class=\"\">Thesis defens<\/h2> <p  class=\"large_text\"> The fourth and fifth dissertation defended in December 2023 by Sonja Baldursdottir followed by November 2024 by Kolbrun Gunnarsdottir at Karolinska Institutet, Stockholm. <\/p> <a  class=\"button color1\" href=\"https:\/\/openarchive.ki.se\/xmlui\/handle\/10616\/48774\" target=\"_blank\" data-icon=\"\" rel=\"noopener\"> Baldursdottir: Newborn respiratory support using distending pressure : the effect of interfaces and system design on performance and outcome <\/a> <a  class=\"button color1\" href=\"https:\/\/openarchive.ki.se\/articles\/thesis\/Easy_breathing_exploring_aspects_of_interfaces_and_devices_for_neonatal_respiratory_support\/25970452?file=49915524\" target=\"_self\" data-icon=\"\">Gunnarsdottir: Easy breathing : exploring aspects of interfaces and devices for neonatal respiratory support<\/a><\/div> <div  class=\"content-right-image-imgcol\" data-type=\"column\"> <img  decoding=\"async\" src=\"https:\/\/neores.se\/wp-content\/uploads\/2023\/03\/image-1-e1681849272159.png\" class=\"\" alt=\"\"> <\/div> <\/div> <\/div> <\/div><div  data-label=\"Content\" data-id=\"content-image-right-1\" data-category=\"content\" class=\"content-right-image-section content-image-right-1\" id=\"content-2\" style=\"background-color: rgb(246, 246, 246); background-image: none;\" data-ovid=\"ovid-content-2-700\"> <div  class=\"gridContainer\"> <div  class=\"content-right-image-gridcol\"> <div  class=\"content-right-image-textcol dynamic-color\" data-type=\"column\"> <p  class=\"\">2024<\/p><h2  class=\"\">PAS 2024 Meeting<\/h2> <p  class=\"large_text\"> The research group participated at the Pediatric Academic Societies (PAS) meeting in Washington, USA May 2-6 <\/p> <a  class=\"button color1\" href=\"https:\/\/2024.pas-meeting.org\" target=\"_blank\" data-icon=\"\" rel=\"noopener\"> PAS 2024 PEDIATRIC ACADEMIC SOCIETIES MEETING <\/a> <\/div> <div  class=\"content-right-image-imgcol\" data-type=\"column\"> <img  decoding=\"async\" src=\"https:\/\/neores.se\/wp-content\/uploads\/2024\/08\/image-e1723581359851.jpeg\" class=\"\" alt=\"\"> <\/div> <\/div> <\/div> <\/div>","protected":false},"excerpt":{"rendered":"<p>Dec 2023, The fourth dissertation from the research group was defended 8th&nbsp;December by Sonja Baldursdottir at Karolinska Institutet, Stockholm.Sept 2023, The research group has submitted an abstract on FUIRST a feasibility trial of uninterrupted CPAP support directly from birth to The research group participated at the Pediatric Academic Societies (PAS) meeting in Washington, USA April&hellip; <br \/> <a class=\"button small blue\" href=\"https:\/\/neores.se\/?p=1\">L\u00e4s mer<\/a><\/p>\n","protected":false},"author":1,"featured_media":0,"parent":0,"menu_order":0,"comment_status":"closed","ping_status":"closed","template":"","meta":{"footnotes":""},"class_list":["post-189","page","type-page","status-publish","hentry"],"_links":{"self":[{"href":"https:\/\/neores.se\/index.php?rest_route=\/wp\/v2\/pages\/189","targetHints":{"allow":["GET"]}}],"collection":[{"href":"https:\/\/neores.se\/index.php?rest_route=\/wp\/v2\/pages"}],"about":[{"href":"https:\/\/neores.se\/index.php?rest_route=\/wp\/v2\/types\/page"}],"author":[{"embeddable":true,"href":"https:\/\/neores.se\/index.php?rest_route=\/wp\/v2\/users\/1"}],"replies":[{"embeddable":true,"href":"https:\/\/neores.se\/index.php?rest_route=%2Fwp%2Fv2%2Fcomments&post=189"}],"version-history":[{"count":32,"href":"https:\/\/neores.se\/index.php?rest_route=\/wp\/v2\/pages\/189\/revisions"}],"predecessor-version":[{"id":2594,"href":"https:\/\/neores.se\/index.php?rest_route=\/wp\/v2\/pages\/189\/revisions\/2594"}],"wp:attachment":[{"href":"https:\/\/neores.se\/index.php?rest_route=%2Fwp%2Fv2%2Fmedia&parent=189"}],"curies":[{"name":"wp","href":"https:\/\/api.w.org\/{rel}","templated":true}]}}